{"id":60,"date":"2015-02-21T13:35:10","date_gmt":"2015-02-21T12:35:10","guid":{"rendered":"http:\/\/www.kennel-podologue-phalsbourg.fr\/?page_id=60"},"modified":"2024-04-12T11:02:35","modified_gmt":"2024-04-12T10:02:35","slug":"pedicurie","status":"publish","type":"page","link":"https:\/\/www.kennel-podologue-phalsbourg.fr\/?page_id=60","title":{"rendered":"PEDICURIE"},"content":{"rendered":"<p><div class=\"fusion-fullwidth fullwidth-box fusion-builder-row-1 hundred-percent-fullwidth non-hundred-percent-height-scrolling\" style=\"--awb-border-radius-top-left:0px;--awb-border-radius-top-right:0px;--awb-border-radius-bottom-right:0px;--awb-border-radius-bottom-left:0px;--awb-overflow:visible;--awb-flex-wrap:wrap;\" ><div class=\"fusion-builder-row fusion-row\"><div class=\"fusion-layout-column fusion_builder_column fusion-builder-column-0 fusion_builder_column_1_1 1_1 fusion-one-full fusion-column-first fusion-column-last\" style=\"--awb-bg-size:cover;\"><div class=\"fusion-column-wrapper fusion-column-has-shadow fusion-flex-column-wrapper-legacy\"><div class=\"fusion-text fusion-text-1 fusion-animated fusion-text-no-margin\" data-animationType=\"fadeInUp\" data-animationDuration=\"1.7\" data-animationDelay=\"0.1\" data-animationOffset=\"top-into-view\"><h3 style=\"text-align: center;\"><strong>Attention : le cabinet n&rsquo;est plus en mesure d&rsquo;accepter le suivi de nouveaux patients diab\u00e9tiques, ni de soins \u00e0 domicile.<\/strong><\/h3>\n<\/div><div class=\"fusion-clearfix\"><\/div><\/div><\/div><div class=\"fusion-layout-column fusion_builder_column fusion-builder-column-1 fusion_builder_column_1_2 1_2 fusion-one-half fusion-column-first\" style=\"--awb-bg-blend:overlay;--awb-bg-size:cover;width:48%; margin-right: 4%;\"><div class=\"fusion-column-wrapper fusion-flex-column-wrapper-legacy\"><div class=\"fusion-text fusion-text-2\"><h3 style=\"text-align: center;\">SOINS<\/h3>\n<\/div><div class=\"fusion-image-element fusion-image-align-center in-legacy-container\" style=\"text-align:center;--awb-aspect-ratio: 100 \/ 59;--awb-margin-bottom:20px;--awb-caption-title-font-family:var(--h2_typography-font-family);--awb-caption-title-font-weight:var(--h2_typography-font-weight);--awb-caption-title-font-style:var(--h2_typography-font-style);--awb-caption-title-size:var(--h2_typography-font-size);--awb-caption-title-transform:var(--h2_typography-text-transform);--awb-caption-title-line-height:var(--h2_typography-line-height);--awb-caption-title-letter-spacing:var(--h2_typography-letter-spacing);\"><div class=\"imageframe-align-center\"><span class=\" fusion-imageframe imageframe-dropshadow imageframe-1 hover-type-none has-aspect-ratio\" style=\"border-radius:5px;-webkit-box-shadow: 3px 3px 7px rgba(221,51,51,0.3);box-shadow: 3px 3px 7px rgba(221,51,51,0.3);\"><a href=\"https:\/\/www.kennel-podologue-phalsbourg.fr\/wp-content\/uploads\/2022\/01\/crevasse1.jpg\" class=\"fusion-lightbox\" data-rel=\"iLightbox[ee3bae8bee1df18061d]\" data-title=\"crevasse1\" title=\"crevasse1\"><img decoding=\"async\" width=\"600\" height=\"351\" src=\"https:\/\/www.kennel-podologue-phalsbourg.fr\/wp-content\/uploads\/2022\/01\/crevasse1.jpg\" class=\"img-responsive wp-image-524 img-with-aspect-ratio\" data-parent-fit=\"cover\" data-parent-container=\".fusion-image-element\" alt srcset=\"https:\/\/www.kennel-podologue-phalsbourg.fr\/wp-content\/uploads\/2022\/01\/crevasse1-200x117.jpg 200w, https:\/\/www.kennel-podologue-phalsbourg.fr\/wp-content\/uploads\/2022\/01\/crevasse1-400x234.jpg 400w, https:\/\/www.kennel-podologue-phalsbourg.fr\/wp-content\/uploads\/2022\/01\/crevasse1.jpg 600w\" sizes=\"(max-width: 800px) 100vw, 600px\" \/><\/a><\/span><\/div><\/div><div class=\"fusion-text fusion-text-3\"><p>Soins de la peau : durillons, cors, crevasses&#8230;etc.<\/p>\n<\/div><div class=\"fusion-image-element fusion-image-align-center in-legacy-container\" style=\"text-align:center;--awb-aspect-ratio: 100 \/ 59;--awb-margin-bottom:20px;--awb-caption-title-font-family:var(--h2_typography-font-family);--awb-caption-title-font-weight:var(--h2_typography-font-weight);--awb-caption-title-font-style:var(--h2_typography-font-style);--awb-caption-title-size:var(--h2_typography-font-size);--awb-caption-title-transform:var(--h2_typography-text-transform);--awb-caption-title-line-height:var(--h2_typography-line-height);--awb-caption-title-letter-spacing:var(--h2_typography-letter-spacing);\"><div class=\"imageframe-align-center\"><span class=\" fusion-imageframe imageframe-dropshadow imageframe-2 hover-type-none has-aspect-ratio\" style=\"border-radius:5px;-webkit-box-shadow: 3px 3px 7px rgba(0,0,0,0.3);box-shadow: 3px 3px 7px rgba(0,0,0,0.3);\"><a href=\"https:\/\/www.kennel-podologue-phalsbourg.fr\/wp-content\/uploads\/2022\/01\/ongle1.jpg\" class=\"fusion-lightbox\" data-rel=\"iLightbox[9566015fafa158c15ab]\" data-title=\"ongle1\" title=\"ongle1\"><img decoding=\"async\" width=\"600\" height=\"398\" src=\"https:\/\/www.kennel-podologue-phalsbourg.fr\/wp-content\/uploads\/2022\/01\/ongle1.jpg\" class=\"img-responsive wp-image-523 img-with-aspect-ratio\" data-parent-fit=\"cover\" data-parent-container=\".fusion-image-element\" alt srcset=\"https:\/\/www.kennel-podologue-phalsbourg.fr\/wp-content\/uploads\/2022\/01\/ongle1-200x133.jpg 200w, https:\/\/www.kennel-podologue-phalsbourg.fr\/wp-content\/uploads\/2022\/01\/ongle1-400x265.jpg 400w, https:\/\/www.kennel-podologue-phalsbourg.fr\/wp-content\/uploads\/2022\/01\/ongle1.jpg 600w\" sizes=\"(max-width: 800px) 100vw, 600px\" \/><\/a><\/span><\/div><\/div><div class=\"fusion-text fusion-text-4\"><p>Soin des ongles : coupe, d\u00e9s\u00e9paississement, traitement ongles incarn\u00e9s.<\/p>\n<\/div><div class=\"fusion-clearfix\"><\/div><\/div><\/div><div class=\"fusion-layout-column fusion_builder_column fusion-builder-column-2 fusion_builder_column_1_2 1_2 fusion-one-half fusion-column-last\" style=\"--awb-bg-blend:overlay;--awb-bg-size:cover;width:48%;\"><div class=\"fusion-column-wrapper fusion-flex-column-wrapper-legacy\"><div class=\"fusion-text fusion-text-5\"><h3 style=\"text-align: center;\">ORTHONYXIE<\/h3>\n<\/div><div class=\"fusion-image-element fusion-image-align-center in-legacy-container\" style=\"text-align:center;--awb-aspect-ratio: 100 \/ 127;--awb-margin-bottom:20px;--awb-caption-title-font-family:var(--h2_typography-font-family);--awb-caption-title-font-weight:var(--h2_typography-font-weight);--awb-caption-title-font-style:var(--h2_typography-font-style);--awb-caption-title-size:var(--h2_typography-font-size);--awb-caption-title-transform:var(--h2_typography-text-transform);--awb-caption-title-line-height:var(--h2_typography-line-height);--awb-caption-title-letter-spacing:var(--h2_typography-letter-spacing);\"><div class=\"imageframe-align-center\"><span class=\" fusion-imageframe imageframe-dropshadow imageframe-3 hover-type-none has-aspect-ratio\" style=\"border-radius:5px;-webkit-box-shadow: 3px 3px 7px rgba(0,0,0,0.3);box-shadow: 3px 3px 7px rgba(0,0,0,0.3);\"><a href=\"http:\/\/www.kennel-podologue-phalsbourg.fr\/wp-content\/uploads\/2015\/02\/lampe.jpg\" class=\"fusion-lightbox\" data-rel=\"iLightbox[e0cc2eaae941ee1240d]\"><img decoding=\"async\" src=\"http:\/\/www.kennel-podologue-phalsbourg.fr\/wp-content\/uploads\/2015\/02\/lampe.jpg\" class=\"img-responsive img-with-aspect-ratio\" data-parent-fit=\"cover\" data-parent-container=\".fusion-image-element\" alt \/><\/a><\/span><\/div><\/div><div class=\"fusion-text fusion-text-6\"><p>Permet de modifier la courbe de l&rsquo;ongle.<\/p>\n<\/div><div class=\"fusion-clearfix\"><\/div><\/div><\/div><div class=\"fusion-layout-column fusion_builder_column fusion-builder-column-3 fusion_builder_column_1_2 1_2 fusion-one-half fusion-column-first\" style=\"--awb-bg-blend:overlay;--awb-bg-size:cover;width:48%; margin-right: 4%;\"><div class=\"fusion-column-wrapper fusion-flex-column-wrapper-legacy\"><div class=\"fusion-text fusion-text-7\" style=\"--awb-margin-top:20px;\"><h3 style=\"text-align: center;\">ORTHOPLASTIES<\/h3>\n<\/div><div class=\"fusion-image-element fusion-image-align-center in-legacy-container\" style=\"text-align:center;--awb-aspect-ratio: 100 \/ 59;--awb-margin-bottom:20px;--awb-caption-title-font-family:var(--h2_typography-font-family);--awb-caption-title-font-weight:var(--h2_typography-font-weight);--awb-caption-title-font-style:var(--h2_typography-font-style);--awb-caption-title-size:var(--h2_typography-font-size);--awb-caption-title-transform:var(--h2_typography-text-transform);--awb-caption-title-line-height:var(--h2_typography-line-height);--awb-caption-title-letter-spacing:var(--h2_typography-letter-spacing);\"><div class=\"imageframe-align-center\"><span class=\" fusion-imageframe imageframe-dropshadow imageframe-4 hover-type-none has-aspect-ratio\" style=\"border-radius:5px;-webkit-box-shadow: 3px 3px 7px rgba(0,0,0,0.3);box-shadow: 3px 3px 7px rgba(0,0,0,0.3);\"><a href=\"https:\/\/www.kennel-podologue-phalsbourg.fr\/wp-content\/uploads\/2022\/08\/RAPPA2JPG_5c9a3fdf2d3c7-600x450.jpeg\" class=\"fusion-lightbox\" data-rel=\"iLightbox[8d982910b749abca84f]\" data-title=\"RAPPA2JPG_5c9a3fdf2d3c7\" title=\"RAPPA2JPG_5c9a3fdf2d3c7\"><img decoding=\"async\" width=\"600\" height=\"450\" src=\"https:\/\/www.kennel-podologue-phalsbourg.fr\/wp-content\/uploads\/2022\/08\/RAPPA2JPG_5c9a3fdf2d3c7-600x450.jpeg\" class=\"img-responsive wp-image-661 img-with-aspect-ratio\" data-parent-fit=\"cover\" data-parent-container=\".fusion-image-element\" alt srcset=\"https:\/\/www.kennel-podologue-phalsbourg.fr\/wp-content\/uploads\/2022\/08\/RAPPA2JPG_5c9a3fdf2d3c7-200x150.jpeg 200w, https:\/\/www.kennel-podologue-phalsbourg.fr\/wp-content\/uploads\/2022\/08\/RAPPA2JPG_5c9a3fdf2d3c7-400x300.jpeg 400w, https:\/\/www.kennel-podologue-phalsbourg.fr\/wp-content\/uploads\/2022\/08\/RAPPA2JPG_5c9a3fdf2d3c7-600x450.jpeg 600w, https:\/\/www.kennel-podologue-phalsbourg.fr\/wp-content\/uploads\/2022\/08\/RAPPA2JPG_5c9a3fdf2d3c7.jpeg 640w\" sizes=\"(max-width: 800px) 100vw, 600px\" \/><\/a><\/span><\/div><\/div><div class=\"fusion-text fusion-text-8 fusion-text-no-margin\" style=\"--awb-margin-bottom:25px;\"><p>Permettent de corriger les d\u00e9viations ou d\u00e9formations des orteils<\/p>\n<p>Permettent de prot\u00e9ger et \u00e9viter la r\u00e9cidive des cors.<\/p>\n<\/div><div class=\"fusion-clearfix\"><\/div><\/div><\/div><div class=\"fusion-layout-column fusion_builder_column fusion-builder-column-4 fusion_builder_column_1_2 1_2 fusion-one-half fusion-column-last\" style=\"--awb-bg-blend:overlay;--awb-bg-size:cover;width:48%;\"><div class=\"fusion-column-wrapper fusion-flex-column-wrapper-legacy\"><div class=\"fusion-text fusion-text-9\" style=\"--awb-margin-top:20px;\"><h3 style=\"text-align: center;\">CONTENTIONS NOCTURNES<\/h3>\n<\/div><div class=\"fusion-image-element fusion-image-align-center in-legacy-container\" style=\"text-align:center;--awb-aspect-ratio: 100 \/ 59;--awb-margin-bottom:20px;--awb-caption-title-font-family:var(--h2_typography-font-family);--awb-caption-title-font-weight:var(--h2_typography-font-weight);--awb-caption-title-font-style:var(--h2_typography-font-style);--awb-caption-title-size:var(--h2_typography-font-size);--awb-caption-title-transform:var(--h2_typography-text-transform);--awb-caption-title-line-height:var(--h2_typography-line-height);--awb-caption-title-letter-spacing:var(--h2_typography-letter-spacing);\"><div class=\"imageframe-align-center\"><span class=\" fusion-imageframe imageframe-dropshadow imageframe-5 hover-type-none has-aspect-ratio\" style=\"border-radius:5px;-webkit-box-shadow: 3px 3px 7px rgba(0,0,0,0.3);box-shadow: 3px 3px 7px rgba(0,0,0,0.3);\"><a href=\"https:\/\/www.kennel-podologue-phalsbourg.fr\/wp-content\/uploads\/2015\/02\/contentuion.gif\" class=\"fusion-lightbox\" data-rel=\"iLightbox[5b432a03ef12fa09af4]\" data-title=\"contentuion\" title=\"contentuion\"><img decoding=\"async\" width=\"591\" height=\"531\" src=\"https:\/\/www.kennel-podologue-phalsbourg.fr\/wp-content\/uploads\/2015\/02\/contentuion.gif\" class=\"img-responsive wp-image-74 img-with-aspect-ratio\" data-parent-fit=\"cover\" data-parent-container=\".fusion-image-element\" alt \/><\/a><\/span><\/div><\/div><div class=\"fusion-text fusion-text-10 fusion-text-no-margin\" style=\"--awb-margin-bottom:25px;\"><p>Permettent de diminuer les douleurs<\/p>\n<p>Permettent de limiter l&rsquo;\u00e9volution des d\u00e9viations de certaines articulations en compl\u00e9ment d&rsquo;autres traitements.<\/p>\n<\/div><div class=\"fusion-clearfix\"><\/div><\/div><\/div><\/div><\/div><div class=\"fusion-fullwidth fullwidth-box fusion-builder-row-2 fusion-flex-container nonhundred-percent-fullwidth non-hundred-percent-height-scrolling\" style=\"--awb-border-radius-top-left:0px;--awb-border-radius-top-right:0px;--awb-border-radius-bottom-right:0px;--awb-border-radius-bottom-left:0px;--awb-flex-wrap:wrap;\" ><div class=\"fusion-builder-row fusion-row fusion-flex-align-items-flex-start fusion-flex-content-wrap\" style=\"max-width:1206.4px;margin-left: calc(-4% \/ 2 );margin-right: calc(-4% \/ 2 );\"><div class=\"fusion-layout-column fusion_builder_column fusion-builder-column-5 fusion_builder_column_1_2 1_2 fusion-flex-column\" style=\"--awb-bg-size:cover;--awb-width-large:50%;--awb-margin-top-large:0px;--awb-spacing-right-large:3.84%;--awb-margin-bottom-large:20px;--awb-spacing-left-large:3.84%;--awb-width-medium:100%;--awb-order-medium:0;--awb-spacing-right-medium:1.92%;--awb-spacing-left-medium:1.92%;--awb-width-small:100%;--awb-order-small:0;--awb-spacing-right-small:1.92%;--awb-spacing-left-small:1.92%;\"><div class=\"fusion-column-wrapper fusion-column-has-shadow fusion-flex-justify-content-flex-start fusion-content-layout-column\"><\/div><\/div><div class=\"fusion-layout-column fusion_builder_column fusion-builder-column-6 fusion_builder_column_1_2 1_2 fusion-flex-column\" style=\"--awb-bg-size:cover;--awb-width-large:50%;--awb-margin-top-large:0px;--awb-spacing-right-large:3.84%;--awb-margin-bottom-large:20px;--awb-spacing-left-large:3.84%;--awb-width-medium:100%;--awb-order-medium:0;--awb-spacing-right-medium:1.92%;--awb-spacing-left-medium:1.92%;--awb-width-small:100%;--awb-order-small:0;--awb-spacing-right-small:1.92%;--awb-spacing-left-small:1.92%;\"><div class=\"fusion-column-wrapper fusion-column-has-shadow fusion-flex-justify-content-flex-start fusion-content-layout-column\"><\/div><\/div><\/div><\/div><\/p>\n","protected":false},"excerpt":{"rendered":"","protected":false},"author":1,"featured_media":0,"parent":0,"menu_order":0,"comment_status":"closed","ping_status":"closed","template":"","meta":{"footnotes":""},"class_list":["post-60","page","type-page","status-publish","hentry"],"_links":{"self":[{"href":"https:\/\/www.kennel-podologue-phalsbourg.fr\/index.php?rest_route=\/wp\/v2\/pages\/60","targetHints":{"allow":["GET"]}}],"collection":[{"href":"https:\/\/www.kennel-podologue-phalsbourg.fr\/index.php?rest_route=\/wp\/v2\/pages"}],"about":[{"href":"https:\/\/www.kennel-podologue-phalsbourg.fr\/index.php?rest_route=\/wp\/v2\/types\/page"}],"author":[{"embeddable":true,"href":"https:\/\/www.kennel-podologue-phalsbourg.fr\/index.php?rest_route=\/wp\/v2\/users\/1"}],"replies":[{"embeddable":true,"href":"https:\/\/www.kennel-podologue-phalsbourg.fr\/index.php?rest_route=%2Fwp%2Fv2%2Fcomments&post=60"}],"version-history":[{"count":48,"href":"https:\/\/www.kennel-podologue-phalsbourg.fr\/index.php?rest_route=\/wp\/v2\/pages\/60\/revisions"}],"predecessor-version":[{"id":757,"href":"https:\/\/www.kennel-podologue-phalsbourg.fr\/index.php?rest_route=\/wp\/v2\/pages\/60\/revisions\/757"}],"wp:attachment":[{"href":"https:\/\/www.kennel-podologue-phalsbourg.fr\/index.php?rest_route=%2Fwp%2Fv2%2Fmedia&parent=60"}],"curies":[{"name":"wp","href":"https:\/\/api.w.org\/{rel}","templated":true}]}}