{"id":62,"date":"2015-02-21T13:35:27","date_gmt":"2015-02-21T12:35:27","guid":{"rendered":"http:\/\/www.kennel-podologue-phalsbourg.fr\/?page_id=62"},"modified":"2024-04-12T11:02:03","modified_gmt":"2024-04-12T10:02:03","slug":"podologie","status":"publish","type":"page","link":"https:\/\/www.kennel-podologue-phalsbourg.fr\/?page_id=62","title":{"rendered":"PODOLOGIE"},"content":{"rendered":"<p><div class=\"fusion-fullwidth fullwidth-box fusion-builder-row-1 hundred-percent-fullwidth non-hundred-percent-height-scrolling\" style=\"--awb-border-radius-top-left:0px;--awb-border-radius-top-right:0px;--awb-border-radius-bottom-right:0px;--awb-border-radius-bottom-left:0px;--awb-overflow:visible;--awb-flex-wrap:wrap;\" ><div class=\"fusion-builder-row fusion-row\"><div class=\"fusion-layout-column fusion_builder_column fusion-builder-column-0 fusion_builder_column_1_1 1_1 fusion-one-full fusion-column-first fusion-column-last\" style=\"--awb-bg-blend:overlay;--awb-bg-size:cover;\"><div class=\"fusion-column-wrapper fusion-flex-column-wrapper-legacy\"><div class=\"fusion-text fusion-text-1\" style=\"--awb-text-transform:none;\"><h1 style=\"text-align: center;\"><strong>Bilan podologique complet<\/strong><\/h1>\n<\/div><div class=\"fusion-text fusion-text-2\"><h3 style=\"text-align: center;\"><strong>Attention: les semelles orthop\u00e9diques <span style=\"color: #ff0000;\">sont \u00e0 r\u00e9gler en totalit\u00e9 \u00e0 la commande<\/span> lors du bilan podologique.<\/strong><\/h3>\n<\/div><div class=\"fusion-clearfix\"><\/div><\/div><\/div><div class=\"fusion-layout-column fusion_builder_column fusion-builder-column-1 fusion_builder_column_1_3 1_3 fusion-one-third fusion-column-first\" style=\"--awb-bg-blend:overlay;--awb-bg-size:cover;width:30.6666%; margin-right: 4%;\"><div class=\"fusion-column-wrapper fusion-flex-column-wrapper-legacy\"><div class=\"fusion-text fusion-text-3\"><h3 style=\"text-align: center;\">POSTURE<\/h3>\n<\/div><div class=\"fusion-image-element in-legacy-container\" style=\"--awb-aspect-ratio: 100 \/ 173;--awb-margin-bottom:20px;--awb-caption-title-font-family:var(--h2_typography-font-family);--awb-caption-title-font-weight:var(--h2_typography-font-weight);--awb-caption-title-font-style:var(--h2_typography-font-style);--awb-caption-title-size:var(--h2_typography-font-size);--awb-caption-title-transform:var(--h2_typography-text-transform);--awb-caption-title-line-height:var(--h2_typography-line-height);--awb-caption-title-letter-spacing:var(--h2_typography-letter-spacing);\"><span class=\" fusion-imageframe imageframe-dropshadow imageframe-1 hover-type-none has-aspect-ratio fusion-animated\" style=\"border-radius:5px;-webkit-box-shadow: 3px 3px 7px rgba(0,0,0,0.3);box-shadow: 3px 3px 7px rgba(0,0,0,0.3);\" data-animationType=\"fadeInUp\" data-animationDuration=\"0.3\" data-animationOffset=\"top-into-view\"><img decoding=\"async\" src=\"http:\/\/www.kennel-podologue-phalsbourg.fr\/wp-content\/uploads\/2015\/02\/posturscope-2012-jpg-683x1024.jpg\" class=\"img-responsive img-with-aspect-ratio\" data-parent-fit=\"cover\" data-parent-container=\".fusion-image-element\" alt \/><\/span><\/div><div class=\"fusion-text fusion-text-4\"><p style=\"text-align: center;\">D\u00e9viation rachidienne, bassin, genou, cheville.<\/p>\n<\/div><div class=\"fusion-clearfix\"><\/div><\/div><\/div><div class=\"fusion-layout-column fusion_builder_column fusion-builder-column-2 fusion_builder_column_1_3 1_3 fusion-one-third\" style=\"--awb-bg-blend:overlay;--awb-bg-size:cover;width:30.6666%; margin-right: 4%;\"><div class=\"fusion-column-wrapper fusion-flex-column-wrapper-legacy\"><div class=\"fusion-text fusion-text-5\"><h3 style=\"text-align: center;\">DECHARGE<\/h3>\n<\/div><div class=\"fusion-image-element fusion-image-align-center in-legacy-container\" style=\"text-align:center;--awb-aspect-ratio: 100 \/ 60;--awb-margin-bottom:20px;--awb-caption-title-font-family:var(--h2_typography-font-family);--awb-caption-title-font-weight:var(--h2_typography-font-weight);--awb-caption-title-font-style:var(--h2_typography-font-style);--awb-caption-title-size:var(--h2_typography-font-size);--awb-caption-title-transform:var(--h2_typography-text-transform);--awb-caption-title-line-height:var(--h2_typography-line-height);--awb-caption-title-letter-spacing:var(--h2_typography-letter-spacing);\"><div class=\"imageframe-align-center\"><span class=\" fusion-imageframe imageframe-dropshadow imageframe-2 hover-type-none has-aspect-ratio fusion-animated\" style=\"border-radius:5px;-webkit-box-shadow: 3px 3px 7px rgba(0,0,0,0.3);box-shadow: 3px 3px 7px rgba(0,0,0,0.3);\" data-animationType=\"fadeInUp\" data-animationDuration=\"0.1\" data-animationOffset=\"top-into-view\"><img decoding=\"async\" src=\"http:\/\/www.kennel-podologue-phalsbourg.fr\/wp-content\/uploads\/2015\/02\/1374308625-19.png\" class=\"img-responsive img-with-aspect-ratio\" data-parent-fit=\"cover\" data-parent-container=\".fusion-image-element\" alt \/><\/span><\/div><\/div><div class=\"fusion-text fusion-text-6\"><p style=\"text-align: center;\">In\u00e9galit\u00e9 longueur de membres<\/p>\n<\/div><div class=\"fusion-text fusion-text-7\" style=\"--awb-margin-top:100px;\"><h3 style=\"text-align: center;\">THERMOFORMAGE<\/h3>\n<\/div><div class=\"fusion-image-element fusion-image-align-center in-legacy-container\" style=\"text-align:center;--awb-aspect-ratio: 100 \/ 60;--awb-margin-bottom:20px;--awb-caption-title-font-family:var(--h2_typography-font-family);--awb-caption-title-font-weight:var(--h2_typography-font-weight);--awb-caption-title-font-style:var(--h2_typography-font-style);--awb-caption-title-size:var(--h2_typography-font-size);--awb-caption-title-transform:var(--h2_typography-text-transform);--awb-caption-title-line-height:var(--h2_typography-line-height);--awb-caption-title-letter-spacing:var(--h2_typography-letter-spacing);\"><div class=\"imageframe-align-center\"><span class=\" fusion-imageframe imageframe-dropshadow imageframe-3 hover-type-none has-aspect-ratio fusion-animated\" style=\"border-radius:5px;-webkit-box-shadow: 3px 3px 7px rgba(0,0,0,0.3);box-shadow: 3px 3px 7px rgba(0,0,0,0.3);\" data-animationType=\"fadeInUp\" data-animationDuration=\"0.3\" data-animationOffset=\"top-into-view\"><img decoding=\"async\" src=\"http:\/\/www.kennel-podologue-phalsbourg.fr\/wp-content\/uploads\/2015\/02\/153.jpg\" class=\"img-responsive img-with-aspect-ratio\" data-parent-fit=\"cover\" data-parent-container=\".fusion-image-element\" alt \/><\/span><\/div><\/div><div class=\"fusion-text fusion-text-8\"><p style=\"text-align: center;\">Prise d&#8217;empreintes sous vide<\/p>\n<\/div><div class=\"fusion-clearfix\"><\/div><\/div><\/div><div class=\"fusion-layout-column fusion_builder_column fusion-builder-column-3 fusion_builder_column_1_3 1_3 fusion-one-third fusion-column-last\" style=\"--awb-bg-blend:overlay;--awb-bg-size:cover;--awb-border-color:#ededed;--awb-border-top:0px;--awb-border-right:0px;--awb-border-bottom:0px;--awb-border-left:0px;--awb-border-style:solid;width:30.6666%;\"><div class=\"fusion-column-wrapper fusion-flex-column-wrapper-legacy\"><div class=\"fusion-text fusion-text-9\" style=\"--awb-text-transform:none;\"><h3 style=\"text-align: center;\">PLATEFORME DE PODOMETRIE<\/h3>\n<\/div><div class=\"fusion-image-element fusion-image-align-center in-legacy-container\" style=\"text-align:center;--awb-aspect-ratio: 100 \/ 60;--awb-object-position:23% 47%;--awb-margin-bottom:20px;--awb-caption-title-font-family:var(--h2_typography-font-family);--awb-caption-title-font-weight:var(--h2_typography-font-weight);--awb-caption-title-font-style:var(--h2_typography-font-style);--awb-caption-title-size:var(--h2_typography-font-size);--awb-caption-title-transform:var(--h2_typography-text-transform);--awb-caption-title-line-height:var(--h2_typography-line-height);--awb-caption-title-letter-spacing:var(--h2_typography-letter-spacing);\"><div class=\"imageframe-align-center\"><span class=\" fusion-imageframe imageframe-dropshadow imageframe-4 hover-type-none has-aspect-ratio fusion-animated\" style=\"border-radius:5px;-webkit-box-shadow: 3px 3px 7px rgba(0,0,0,0.3);box-shadow: 3px 3px 7px rgba(0,0,0,0.3);\" data-animationType=\"fadeInUp\" data-animationDuration=\"0.6\" data-animationOffset=\"top-into-view\"><img decoding=\"async\" width=\"500\" height=\"316\" title=\"analyseMarcheCourse-e1641054205385\" src=\"https:\/\/www.kennel-podologue-phalsbourg.fr\/wp-content\/uploads\/2022\/01\/analyseMarcheCourse-e1641054205385.jpg\" class=\"img-responsive wp-image-505 img-with-aspect-ratio\" data-parent-fit=\"cover\" data-parent-container=\".fusion-image-element\" alt srcset=\"https:\/\/www.kennel-podologue-phalsbourg.fr\/wp-content\/uploads\/2022\/01\/analyseMarcheCourse-e1641054205385-200x126.jpg 200w, https:\/\/www.kennel-podologue-phalsbourg.fr\/wp-content\/uploads\/2022\/01\/analyseMarcheCourse-e1641054205385-400x253.jpg 400w, https:\/\/www.kennel-podologue-phalsbourg.fr\/wp-content\/uploads\/2022\/01\/analyseMarcheCourse-e1641054205385.jpg 500w\" sizes=\"(max-width: 800px) 100vw, 400px\" \/><\/span><\/div><\/div><div class=\"fusion-text fusion-text-10\"><p style=\"text-align: center;\">Etude de la marche.<\/p>\n<\/div><div class=\"fusion-text fusion-text-11\" style=\"--awb-margin-top:100px;\"><h3 style=\"text-align: center;\">FABRICATION<\/h3>\n<\/div><div class=\"fusion-image-element fusion-image-align-center in-legacy-container\" style=\"text-align:center;--awb-aspect-ratio: 100 \/ 60;--awb-margin-bottom:20px;--awb-caption-title-font-family:var(--h2_typography-font-family);--awb-caption-title-font-weight:var(--h2_typography-font-weight);--awb-caption-title-font-style:var(--h2_typography-font-style);--awb-caption-title-size:var(--h2_typography-font-size);--awb-caption-title-transform:var(--h2_typography-text-transform);--awb-caption-title-line-height:var(--h2_typography-line-height);--awb-caption-title-letter-spacing:var(--h2_typography-letter-spacing);\"><div class=\"imageframe-align-center\"><span class=\" fusion-imageframe imageframe-dropshadow imageframe-5 hover-type-none has-aspect-ratio fusion-animated\" style=\"border-radius:5px;-webkit-box-shadow: 3px 3px 7px rgba(0,0,0,0.3);box-shadow: 3px 3px 7px rgba(0,0,0,0.3);\" data-animationType=\"fadeInUp\" data-animationDuration=\"0.8\" data-animationOffset=\"top-into-view\"><img decoding=\"async\" width=\"600\" height=\"563\" title=\"semelles1\" src=\"https:\/\/www.kennel-podologue-phalsbourg.fr\/wp-content\/uploads\/2022\/01\/semelles1.jpg\" class=\"img-responsive wp-image-506 img-with-aspect-ratio\" data-parent-fit=\"cover\" data-parent-container=\".fusion-image-element\" alt srcset=\"https:\/\/www.kennel-podologue-phalsbourg.fr\/wp-content\/uploads\/2022\/01\/semelles1-200x188.jpg 200w, https:\/\/www.kennel-podologue-phalsbourg.fr\/wp-content\/uploads\/2022\/01\/semelles1-400x375.jpg 400w, https:\/\/www.kennel-podologue-phalsbourg.fr\/wp-content\/uploads\/2022\/01\/semelles1.jpg 600w\" sizes=\"(max-width: 800px) 100vw, 400px\" \/><\/span><\/div><\/div><div class=\"fusion-text fusion-text-12\" style=\"--awb-text-transform:none;\"><p class=\"fusion-responsive-typography-calculated\" style=\"--fontsize: 22; line-height: 1.23; --minfontsize: 22;\" data-fontsize=\"22\" data-lineheight=\"27.06px\">Semelles thermo, posturo ou en 3D pour : enfants, sportifs, diab\u00e9tiques, post-op\u00e9ratoires&#8230;etc.<\/p>\n<\/div><div class=\"fusion-clearfix\"><\/div><\/div><\/div><\/div><\/div><div class=\"fusion-fullwidth fullwidth-box fusion-builder-row-2 hundred-percent-fullwidth non-hundred-percent-height-scrolling\" style=\"--awb-border-radius-top-left:0px;--awb-border-radius-top-right:0px;--awb-border-radius-bottom-right:0px;--awb-border-radius-bottom-left:0px;--awb-overflow:visible;--awb-flex-wrap:wrap;\" ><div class=\"fusion-builder-row fusion-row\"><div class=\"fusion-layout-column fusion_builder_column fusion-builder-column-4 fusion_builder_column_1_3 1_3 fusion-one-third fusion-column-first\" style=\"--awb-bg-blend:overlay;--awb-bg-size:cover;width:33.333333333333%;width:calc(33.333333333333% - ( ( 4% + 4% ) * 0.33333333333333 ) );margin-right: 4%;\"><div class=\"fusion-column-wrapper fusion-flex-column-wrapper-legacy\"><div class=\"fusion-text fusion-text-13\" style=\"--awb-text-transform:none;--awb-margin-top:20px;\"><h3 style=\"text-align: center;\">iSCAN3D en HD<\/h3>\n<\/div><div class=\"fusion-image-element fusion-image-align-center in-legacy-container\" style=\"text-align:center;--awb-aspect-ratio: 100 \/ 59;--awb-object-position:23% 47%;--awb-margin-bottom:20px;--awb-caption-title-font-family:var(--h2_typography-font-family);--awb-caption-title-font-weight:var(--h2_typography-font-weight);--awb-caption-title-font-style:var(--h2_typography-font-style);--awb-caption-title-size:var(--h2_typography-font-size);--awb-caption-title-transform:var(--h2_typography-text-transform);--awb-caption-title-line-height:var(--h2_typography-line-height);--awb-caption-title-letter-spacing:var(--h2_typography-letter-spacing);\"><div class=\"imageframe-align-center\"><span class=\" fusion-imageframe imageframe-dropshadow imageframe-6 hover-type-none has-aspect-ratio fusion-animated\" style=\"border-radius:5px;-webkit-box-shadow: 3px 3px 7px rgba(0,0,0,0.3);box-shadow: 3px 3px 7px rgba(0,0,0,0.3);\" data-animationType=\"fadeInUp\" data-animationDuration=\"0.6\" data-animationOffset=\"top-into-view\"><img decoding=\"async\" width=\"1232\" height=\"834\" title=\"Capture d\u2019e\u0301cran 2022-08-16 a\u0300 13.27.32\" src=\"https:\/\/www.kennel-podologue-phalsbourg.fr\/wp-content\/uploads\/2022\/08\/Capture-de\u0301cran-2022-08-16-a\u0300-13.27.32.jpg\" class=\"img-responsive wp-image-644 img-with-aspect-ratio\" data-parent-fit=\"cover\" data-parent-container=\".fusion-image-element\" alt srcset=\"https:\/\/www.kennel-podologue-phalsbourg.fr\/wp-content\/uploads\/2022\/08\/Capture-de\u0301cran-2022-08-16-a\u0300-13.27.32-200x135.jpg 200w, https:\/\/www.kennel-podologue-phalsbourg.fr\/wp-content\/uploads\/2022\/08\/Capture-de\u0301cran-2022-08-16-a\u0300-13.27.32-400x271.jpg 400w, https:\/\/www.kennel-podologue-phalsbourg.fr\/wp-content\/uploads\/2022\/08\/Capture-de\u0301cran-2022-08-16-a\u0300-13.27.32-600x406.jpg 600w, https:\/\/www.kennel-podologue-phalsbourg.fr\/wp-content\/uploads\/2022\/08\/Capture-de\u0301cran-2022-08-16-a\u0300-13.27.32-800x542.jpg 800w, https:\/\/www.kennel-podologue-phalsbourg.fr\/wp-content\/uploads\/2022\/08\/Capture-de\u0301cran-2022-08-16-a\u0300-13.27.32-1200x812.jpg 1200w, https:\/\/www.kennel-podologue-phalsbourg.fr\/wp-content\/uploads\/2022\/08\/Capture-de\u0301cran-2022-08-16-a\u0300-13.27.32.jpg 1232w\" sizes=\"(max-width: 800px) 100vw, 400px\" \/><\/span><\/div><\/div><div class=\"fusion-text fusion-text-14\"><p style=\"text-align: center;\">Laser de positionnement, cam\u00e9ra HD.<\/p>\n<\/div><div class=\"fusion-clearfix\"><\/div><\/div><\/div><div class=\"fusion-layout-column fusion_builder_column fusion-builder-column-5 fusion_builder_column_1_3 1_3 fusion-one-third\" style=\"--awb-bg-size:cover;width:33.333333333333%;width:calc(33.333333333333% - ( ( 4% + 4% ) * 0.33333333333333 ) );margin-right: 4%;\"><div class=\"fusion-column-wrapper fusion-column-has-shadow fusion-flex-column-wrapper-legacy\"><div class=\"fusion-text fusion-text-15\" style=\"--awb-text-transform:none;--awb-margin-top:20px;\"><h3 style=\"text-align: center;\">iSCAN3D analyse<\/h3>\n<\/div><div class=\"fusion-image-element fusion-image-align-center in-legacy-container\" style=\"text-align:center;--awb-aspect-ratio: 100 \/ 59;--awb-object-position:23% 47%;--awb-margin-top:0px;--awb-margin-bottom:20px;--awb-caption-title-font-family:var(--h2_typography-font-family);--awb-caption-title-font-weight:var(--h2_typography-font-weight);--awb-caption-title-font-style:var(--h2_typography-font-style);--awb-caption-title-size:var(--h2_typography-font-size);--awb-caption-title-transform:var(--h2_typography-text-transform);--awb-caption-title-line-height:var(--h2_typography-line-height);--awb-caption-title-letter-spacing:var(--h2_typography-letter-spacing);\"><div class=\"imageframe-align-center\"><span class=\" fusion-imageframe imageframe-dropshadow imageframe-7 hover-type-none has-aspect-ratio fusion-animated\" style=\"border-radius:5px;-webkit-box-shadow: 3px 3px 7px rgba(0,0,0,0.3);box-shadow: 3px 3px 7px rgba(0,0,0,0.3);\" data-animationType=\"fadeInUp\" data-animationDuration=\"0.6\" data-animationOffset=\"top-into-view\"><img decoding=\"async\" width=\"600\" height=\"467\" title=\"Capture d\u2019e\u0301cran 2022-08-16 a\u0300 17.26.10\" src=\"https:\/\/www.kennel-podologue-phalsbourg.fr\/wp-content\/uploads\/2022\/08\/Capture-de\u0301cran-2022-08-16-a\u0300-17.26.10-600x467.jpg\" class=\"img-responsive wp-image-652 img-with-aspect-ratio\" data-parent-fit=\"cover\" data-parent-container=\".fusion-image-element\" alt srcset=\"https:\/\/www.kennel-podologue-phalsbourg.fr\/wp-content\/uploads\/2022\/08\/Capture-de\u0301cran-2022-08-16-a\u0300-17.26.10-200x156.jpg 200w, https:\/\/www.kennel-podologue-phalsbourg.fr\/wp-content\/uploads\/2022\/08\/Capture-de\u0301cran-2022-08-16-a\u0300-17.26.10-400x311.jpg 400w, https:\/\/www.kennel-podologue-phalsbourg.fr\/wp-content\/uploads\/2022\/08\/Capture-de\u0301cran-2022-08-16-a\u0300-17.26.10-600x467.jpg 600w, https:\/\/www.kennel-podologue-phalsbourg.fr\/wp-content\/uploads\/2022\/08\/Capture-de\u0301cran-2022-08-16-a\u0300-17.26.10-800x622.jpg 800w, https:\/\/www.kennel-podologue-phalsbourg.fr\/wp-content\/uploads\/2022\/08\/Capture-de\u0301cran-2022-08-16-a\u0300-17.26.10-1200x934.jpg 1200w\" sizes=\"(max-width: 800px) 100vw, 400px\" \/><\/span><\/div><\/div><div class=\"fusion-text fusion-text-16\"><p style=\"text-align: center;\">Analyse compl\u00e8te du pied en 3D pour compte rendu d\u00e9taill\u00e9.<\/p>\n<\/div><div class=\"fusion-clearfix\"><\/div><\/div><\/div><div class=\"fusion-layout-column fusion_builder_column fusion-builder-column-6 fusion_builder_column_1_3 1_3 fusion-one-third fusion-column-last\" style=\"--awb-bg-size:cover;width:33.333333333333%;width:calc(33.333333333333% - ( ( 4% + 4% ) * 0.33333333333333 ) );\"><div class=\"fusion-column-wrapper fusion-column-has-shadow fusion-flex-column-wrapper-legacy\"><div class=\"fusion-text fusion-text-17\" style=\"--awb-text-transform:none;--awb-margin-top:20px;\"><h3 style=\"text-align: center;\">iSCAN3D fabrication<\/h3>\n<\/div><div class=\"fusion-image-element fusion-image-align-center in-legacy-container\" style=\"text-align:center;--awb-aspect-ratio: 100 \/ 59;--awb-object-position:23% 47%;--awb-margin-top:0px;--awb-margin-bottom:20px;--awb-caption-title-font-family:var(--h2_typography-font-family);--awb-caption-title-font-weight:var(--h2_typography-font-weight);--awb-caption-title-font-style:var(--h2_typography-font-style);--awb-caption-title-size:var(--h2_typography-font-size);--awb-caption-title-transform:var(--h2_typography-text-transform);--awb-caption-title-line-height:var(--h2_typography-line-height);--awb-caption-title-letter-spacing:var(--h2_typography-letter-spacing);\"><div class=\"imageframe-align-center\"><span class=\" fusion-imageframe imageframe-dropshadow imageframe-8 hover-type-none has-aspect-ratio fusion-animated\" style=\"border-radius:5px;-webkit-box-shadow: 3px 3px 7px rgba(0,0,0,0.3);box-shadow: 3px 3px 7px rgba(0,0,0,0.3);\" data-animationType=\"fadeInUp\" data-animationDuration=\"0.6\" data-animationOffset=\"top-into-view\"><img decoding=\"async\" width=\"300\" height=\"142\" title=\"semelle3d3semelles\" src=\"https:\/\/www.kennel-podologue-phalsbourg.fr\/wp-content\/uploads\/2022\/08\/semelle3d3semelles-300x142.png\" class=\"img-responsive wp-image-712 img-with-aspect-ratio\" data-parent-fit=\"cover\" data-parent-container=\".fusion-image-element\" alt srcset=\"https:\/\/www.kennel-podologue-phalsbourg.fr\/wp-content\/uploads\/2022\/08\/semelle3d3semelles-200x95.png 200w, https:\/\/www.kennel-podologue-phalsbourg.fr\/wp-content\/uploads\/2022\/08\/semelle3d3semelles-400x189.png 400w, https:\/\/www.kennel-podologue-phalsbourg.fr\/wp-content\/uploads\/2022\/08\/semelle3d3semelles-600x284.png 600w, https:\/\/www.kennel-podologue-phalsbourg.fr\/wp-content\/uploads\/2022\/08\/semelle3d3semelles-800x378.png 800w, https:\/\/www.kennel-podologue-phalsbourg.fr\/wp-content\/uploads\/2022\/08\/semelle3d3semelles.png 1000w\" sizes=\"(max-width: 800px) 100vw, 400px\" \/><\/span><\/div><\/div><div class=\"fusion-text fusion-text-18\"><p style=\"text-align: center;\">Mod\u00e9lisation puis conception 3D de votre semelle orthop\u00e9dique par fraisage num\u00e9rique au 10\u00e8me de millim\u00e8tre.<\/p>\n<\/div><div class=\"fusion-clearfix\"><\/div><\/div><\/div><\/div><\/div><div class=\"fusion-fullwidth fullwidth-box fusion-builder-row-3 fusion-flex-container nonhundred-percent-fullwidth non-hundred-percent-height-scrolling\" style=\"--awb-border-radius-top-left:0px;--awb-border-radius-top-right:0px;--awb-border-radius-bottom-right:0px;--awb-border-radius-bottom-left:0px;--awb-background-color:rgba(255,255,255,0);--awb-flex-wrap:wrap;\" ><div class=\"fusion-builder-row fusion-row fusion-flex-align-items-flex-start fusion-flex-content-wrap\" style=\"max-width:1206.4px;margin-left: calc(-4% \/ 2 );margin-right: calc(-4% \/ 2 );\"><div class=\"fusion-layout-column fusion_builder_column fusion-builder-column-7 fusion_builder_column_1_1 1_1 fusion-flex-column\" style=\"--awb-padding-top:10px;--awb-overflow:hidden;--awb-bg-size:cover;--awb-box-shadow: 3px 0px ;;--awb-border-color:var(--awb-color7);--awb-border-top:5px;--awb-border-right:5px;--awb-border-bottom:5px;--awb-border-left:5px;--awb-border-style:solid;--awb-border-radius:10px 10px 10px 10px;--awb-width-large:100%;--awb-margin-top-large:20px;--awb-spacing-right-large:1.92%;--awb-margin-bottom-large:20px;--awb-spacing-left-large:1.92%;--awb-width-medium:100%;--awb-order-medium:0;--awb-spacing-right-medium:1.92%;--awb-spacing-left-medium:1.92%;--awb-width-small:100%;--awb-order-small:0;--awb-spacing-right-small:1.92%;--awb-spacing-left-small:1.92%;\" data-scroll-devices=\"small-visibility,medium-visibility,large-visibility\"><div class=\"fusion-column-wrapper fusion-column-has-shadow fusion-flex-justify-content-space-around fusion-content-layout-column\"><div class=\"fusion-text fusion-text-19\" style=\"--awb-text-transform:none;--awb-text-color:#006fb6;--awb-text-font-family:Arial, Helvetica, sans-serif;--awb-text-font-style:normal;--awb-text-font-weight:400;\"><h1 style=\"text-align: center;\"><span style=\"color: #006fb6;\">Lors du 1er rendez-vous munissez-vous de :<\/span><\/h1>\n<ul>\n<li>\n<h2><span style=\"color: #006fb6;\">votre ordonnance.<\/span><\/h2>\n<\/li>\n<li>\n<h2><span style=\"color: #006fb6;\">votre carte vitale.<\/span><\/h2>\n<\/li>\n<li>\n<h2><span style=\"color: #006fb6;\">vos chaussures les plus utilis\u00e9es ainsi que celles dans lesquelles vous souhaitez porter les nouvelles semelles.<\/span><\/h2>\n<\/li>\n<li>\n<h2><span style=\"color: #006fb6;\">vos examens compl\u00e9mentaires (radiographies, \u00e9chographies, scanner, IRM&#8230;).<\/span><\/h2>\n<\/li>\n<\/ul>\n<\/div><\/div><\/div><\/div><\/div><\/p>\n","protected":false},"excerpt":{"rendered":"","protected":false},"author":1,"featured_media":0,"parent":0,"menu_order":0,"comment_status":"closed","ping_status":"closed","template":"","meta":{"footnotes":""},"class_list":["post-62","page","type-page","status-publish","hentry"],"_links":{"self":[{"href":"https:\/\/www.kennel-podologue-phalsbourg.fr\/index.php?rest_route=\/wp\/v2\/pages\/62","targetHints":{"allow":["GET"]}}],"collection":[{"href":"https:\/\/www.kennel-podologue-phalsbourg.fr\/index.php?rest_route=\/wp\/v2\/pages"}],"about":[{"href":"https:\/\/www.kennel-podologue-phalsbourg.fr\/index.php?rest_route=\/wp\/v2\/types\/page"}],"author":[{"embeddable":true,"href":"https:\/\/www.kennel-podologue-phalsbourg.fr\/index.php?rest_route=\/wp\/v2\/users\/1"}],"replies":[{"embeddable":true,"href":"https:\/\/www.kennel-podologue-phalsbourg.fr\/index.php?rest_route=%2Fwp%2Fv2%2Fcomments&post=62"}],"version-history":[{"count":161,"href":"https:\/\/www.kennel-podologue-phalsbourg.fr\/index.php?rest_route=\/wp\/v2\/pages\/62\/revisions"}],"predecessor-version":[{"id":805,"href":"https:\/\/www.kennel-podologue-phalsbourg.fr\/index.php?rest_route=\/wp\/v2\/pages\/62\/revisions\/805"}],"wp:attachment":[{"href":"https:\/\/www.kennel-podologue-phalsbourg.fr\/index.php?rest_route=%2Fwp%2Fv2%2Fmedia&parent=62"}],"curies":[{"name":"wp","href":"https:\/\/api.w.org\/{rel}","templated":true}]}}