{"id":7,"date":"2015-02-12T12:58:06","date_gmt":"2015-02-12T11:58:06","guid":{"rendered":"http:\/\/kennel-podologue-phalsbourg.fr\/?page_id=7"},"modified":"2025-02-08T19:34:36","modified_gmt":"2025-02-08T18:34:36","slug":"accueil","status":"publish","type":"page","link":"https:\/\/www.kennel-podologue-phalsbourg.fr\/","title":{"rendered":"ACCUEIL"},"content":{"rendered":"<p><div class=\"fusion-fullwidth fullwidth-box fusion-builder-row-1 fusion-flex-container has-pattern-background has-mask-background nonhundred-percent-fullwidth non-hundred-percent-height-scrolling\" style=\"--awb-border-radius-top-left:0px;--awb-border-radius-top-right:0px;--awb-border-radius-bottom-right:0px;--awb-border-radius-bottom-left:0px;--awb-padding-top:0px;--awb-margin-top:0px;--awb-flex-wrap:wrap;\" ><div class=\"fusion-builder-row fusion-row fusion-flex-align-items-flex-start fusion-flex-content-wrap\" style=\"max-width:1206.4px;margin-left: calc(-4% \/ 2 );margin-right: calc(-4% \/ 2 );\"><div class=\"fusion-layout-column fusion_builder_column fusion-builder-column-0 fusion_builder_column_1_1 1_1 fusion-flex-column\" style=\"--awb-bg-color:rgba(0,111,182,0);--awb-bg-color-hover:rgba(0,111,182,0);--awb-bg-size:cover;--awb-width-large:100%;--awb-margin-top-large:0px;--awb-spacing-right-large:1.92%;--awb-margin-bottom-large:20px;--awb-spacing-left-large:1.92%;--awb-width-medium:100%;--awb-order-medium:0;--awb-spacing-right-medium:1.92%;--awb-spacing-left-medium:1.92%;--awb-width-small:100%;--awb-order-small:0;--awb-spacing-right-small:1.92%;--awb-spacing-left-small:1.92%;\" data-scroll-devices=\"small-visibility,medium-visibility,large-visibility\"><div class=\"fusion-column-wrapper fusion-column-has-shadow fusion-flex-justify-content-flex-start fusion-content-layout-column\"><\/div><\/div><\/div><\/div><div class=\"fusion-fullwidth fullwidth-box fusion-builder-row-2 has-pattern-background has-mask-background nonhundred-percent-fullwidth non-hundred-percent-height-scrolling fusion-equal-height-columns\" style=\"--awb-border-color:rgba(255,255,255,0);--awb-border-radius-top-left:0px;--awb-border-radius-top-right:0px;--awb-border-radius-bottom-right:0px;--awb-border-radius-bottom-left:0px;--awb-flex-wrap:wrap;\" ><div class=\"fusion-builder-row fusion-row\"><div class=\"fusion-layout-column fusion_builder_column fusion-builder-column-1 fusion_builder_column_1_3 1_3 fusion-one-third fusion-column-first fusion-column-no-min-height fusion-column-inner-bg-wrapper\" style=\"--awb-inner-bg-size:cover;--awb-margin-top:1px;--awb-margin-bottom:0px;width:33.333333333333%;width:calc(33.333333333333% - ( ( 4% + 3% ) * 0.33333333333333 ) );margin-right: 4%;\" data-scroll-devices=\"small-visibility,medium-visibility,large-visibility\"><span class=\"fusion-column-inner-bg hover-type-none\"><a class=\"fusion-column-anchor\" href=\"https:\/\/www.maiia.com\/pedicure-podologue\/57370-phalsbourg\/kennel-woloszczyk-marie-laure\" rel=\"noopener noreferrer\" target=\"_blank\" aria-label=\"Pour prendre un rendez-vous cliquez ici \"><span class=\"fusion-column-inner-bg-image\"><\/span><\/a><\/span><div class=\"fusion-column-wrapper fusion-column-has-shadow fusion-flex-column-wrapper-legacy\"><span class=\"fusion-popover popover-1\" data-style=\"--awb-title-bg-color:#006fb6;--awb-textcolor:#ffffff;--awb-content-bg-color:#006fb6;--awb-arrowcolor:#006fb6;\" data-animation=\"1\" data-class=\"popover-1\" data-container=\"popover-1\" data-content=\"Pour prendre rendez-vous cliquez-ici\" data-delay=\"50\" data-placement=\"right\" data-toggle=\"popover\" data-trigger=\"hover\">\n<p><img decoding=\"async\" class=\"wp-image-808 size-fusion-400 alignleft\" src=\"https:\/\/www.kennel-podologue-phalsbourg.fr\/wp-content\/uploads\/2024\/04\/titre_logo_nom_vertical-1-400x522.png\" alt=\"\" width=\"400\" height=\"522\" srcset=\"https:\/\/www.kennel-podologue-phalsbourg.fr\/wp-content\/uploads\/2024\/04\/titre_logo_nom_vertical-1-200x261.png 200w, https:\/\/www.kennel-podologue-phalsbourg.fr\/wp-content\/uploads\/2024\/04\/titre_logo_nom_vertical-1-230x300.png 230w, https:\/\/www.kennel-podologue-phalsbourg.fr\/wp-content\/uploads\/2024\/04\/titre_logo_nom_vertical-1-400x522.png 400w, https:\/\/www.kennel-podologue-phalsbourg.fr\/wp-content\/uploads\/2024\/04\/titre_logo_nom_vertical-1-600x784.png 600w, https:\/\/www.kennel-podologue-phalsbourg.fr\/wp-content\/uploads\/2024\/04\/titre_logo_nom_vertical-1-768x1003.png 768w, https:\/\/www.kennel-podologue-phalsbourg.fr\/wp-content\/uploads\/2024\/04\/titre_logo_nom_vertical-1-784x1024.png 784w, https:\/\/www.kennel-podologue-phalsbourg.fr\/wp-content\/uploads\/2024\/04\/titre_logo_nom_vertical-1-800x1045.png 800w, https:\/\/www.kennel-podologue-phalsbourg.fr\/wp-content\/uploads\/2024\/04\/titre_logo_nom_vertical-1.png 889w\" sizes=\"(max-width: 400px) 100vw, 400px\" \/><\/p>\n<\/span><div class=\"fusion-clearfix\"><\/div><\/div><\/div><div class=\"fusion-layout-column fusion_builder_column fusion-builder-column-2 fusion_builder_column_1_6 1_6 fusion-one-sixth fusion-column-no-min-height\" style=\"--awb-padding-top:318px;--awb-bg-size:cover;--awb-margin-top:14px;--awb-margin-bottom:0px;width:16.666666666667%;width:calc(16.666666666667% - ( ( 4% + 3% ) * 0.16666666666667 ) );margin-right: 3%;\" data-scroll-devices=\"small-visibility,medium-visibility,large-visibility\"><div class=\"fusion-column-wrapper fusion-column-has-shadow fusion-flex-column-wrapper-legacy\"><div class=\"fusion-image-element in-legacy-container\" style=\"--awb-caption-title-font-family:var(--h2_typography-font-family);--awb-caption-title-font-weight:var(--h2_typography-font-weight);--awb-caption-title-font-style:var(--h2_typography-font-style);--awb-caption-title-size:var(--h2_typography-font-size);--awb-caption-title-transform:var(--h2_typography-text-transform);--awb-caption-title-line-height:var(--h2_typography-line-height);--awb-caption-title-letter-spacing:var(--h2_typography-letter-spacing);--awb-filter:saturate(193%) brightness(148%) contrast(78%);--awb-filter-transition:filter 0.3s ease;--awb-filter-hover:saturate(118%) brightness(161%) contrast(122%);\"><span class=\" fusion-imageframe imageframe-none imageframe-1 hover-type-none\"><img decoding=\"async\" width=\"297\" height=\"300\" title=\"pour le site\" src=\"https:\/\/www.kennel-podologue-phalsbourg.fr\/wp-content\/uploads\/2024\/05\/pour-le-site-297x300.png\" alt class=\"img-responsive wp-image-909\" srcset=\"https:\/\/www.kennel-podologue-phalsbourg.fr\/wp-content\/uploads\/2024\/05\/pour-le-site-200x202.png 200w, https:\/\/www.kennel-podologue-phalsbourg.fr\/wp-content\/uploads\/2024\/05\/pour-le-site-400x404.png 400w, https:\/\/www.kennel-podologue-phalsbourg.fr\/wp-content\/uploads\/2024\/05\/pour-le-site-600x606.png 600w, https:\/\/www.kennel-podologue-phalsbourg.fr\/wp-content\/uploads\/2024\/05\/pour-le-site-800x807.png 800w, https:\/\/www.kennel-podologue-phalsbourg.fr\/wp-content\/uploads\/2024\/05\/pour-le-site-1200x1211.png 1200w\" sizes=\"(max-width: 800px) 100vw, 200px\" \/><\/span><\/div><div class=\"fusion-clearfix\"><\/div><\/div><\/div><div class=\"fusion-layout-column fusion_builder_column fusion-builder-column-3 fusion_builder_column_1_2 1_2 fusion-one-half fusion-column-last fusion-column-no-min-height fusion-column-inner-bg-wrapper\" style=\"--awb-padding-left:24px;--awb-overflow:hidden;--awb-inner-bg-size:cover;--awb-border-radius:20px 20px 20px 20px;--awb-inner-bg-border-radius:20px 20px 20px 20px;--awb-inner-bg-overflow:hidden;--awb-margin-bottom:0px;width:50%;width:calc(50% - ( ( 4% + 3% ) * 0.5 ) );\" data-scroll-devices=\"small-visibility,medium-visibility,large-visibility\"><span class=\"fusion-column-inner-bg hover-type-none\"><a class=\"fusion-column-anchor\" href=\"https:\/\/www.maiia.com\/pedicure-podologue\/57370-phalsbourg\/kennel-woloszczyk-marie-laure\" rel=\"noopener noreferrer\" target=\"_blank\" aria-label=\"Pour prendre un rendez-vous cliquez ici \"><span class=\"fusion-column-inner-bg-image\"><\/span><\/a><\/span><div class=\"fusion-column-wrapper fusion-column-has-shadow fusion-flex-column-wrapper-legacy\"><div class=\"fusion-column-content-centered\"><div class=\"fusion-column-content\"><div class=\"fusion-image-element fusion-image-align-center in-legacy-container\" style=\"text-align:center;--awb-aspect-ratio: 100 \/ 100;--awb-max-width:335px;--awb-caption-title-font-family:var(--h2_typography-font-family);--awb-caption-title-font-weight:var(--h2_typography-font-weight);--awb-caption-title-font-style:var(--h2_typography-font-style);--awb-caption-title-size:var(--h2_typography-font-size);--awb-caption-title-transform:var(--h2_typography-text-transform);--awb-caption-title-line-height:var(--h2_typography-line-height);--awb-caption-title-letter-spacing:var(--h2_typography-letter-spacing);--awb-filter:contrast(105%);--awb-filter-transition:filter 0.3s ease;--awb-filter-hover:contrast(100%);\"><div class=\"imageframe-align-center\"><div style=\"display:inline-block;width:335px;\"><span class=\" fusion-imageframe imageframe-none imageframe-2 hover-type-none has-aspect-ratio\" style=\"border:1px solid var(--awb-color7);border-radius:50%;\"><a class=\"fusion-no-lightbox\" href=\"https:\/\/www.maiia.com\/pedicure-podologue\/57370-phalsbourg\/kennel-woloszczyk-marie-laure\" target=\"_self\" aria-label=\"MAIIA_rdva\"><img decoding=\"async\" width=\"400\" height=\"455\" src=\"https:\/\/www.kennel-podologue-phalsbourg.fr\/wp-content\/uploads\/2024\/04\/MAIIA_rdva-1-400x455.png\" class=\"img-responsive wp-image-869 img-with-aspect-ratio\" data-parent-fit=\"cover\" data-parent-container=\".fusion-image-element\" alt \/><\/a><\/span><\/div><\/div><\/div><div class=\"fusion-text fusion-text-1 fusion-animated fusion-text-no-margin\" style=\"--awb-margin-top:10px;\" data-animationType=\"fadeInUp\" data-animationDuration=\"1.7\" data-animationDelay=\"0.1\" data-animationOffset=\"top-into-view\"><h3 style=\"text-align: justify;\"><span style=\"color: #006fb6;\">Le cabinet n&rsquo;est plus en mesure d&rsquo;accepter le suivi de <strong>nouveaux <u>patients diab\u00e9tiques<\/u><\/strong><\/span><span style=\"color: #006fb6;\">, ni de soins \u00e0 domicile.<\/span><\/h3>\n<h3 style=\"text-align: justify;\"><span style=\"color: #006fb6;\"><strong>Les semelles orthop\u00e9diques sont \u00e0 r\u00e9gler en totalit\u00e9 \u00e0 la commande lors du bilan podologique.<\/strong><\/span><\/h3>\n<\/div><\/div><\/div><div class=\"fusion-clearfix\"><\/div><\/div><\/div><\/div><\/div><div class=\"fusion-fullwidth fullwidth-box fusion-builder-row-3 fusion-flex-container has-pattern-background has-mask-background nonhundred-percent-fullwidth non-hundred-percent-height-scrolling\" style=\"--awb-border-radius-top-left:0px;--awb-border-radius-top-right:0px;--awb-border-radius-bottom-right:0px;--awb-border-radius-bottom-left:0px;--awb-flex-wrap:wrap;\" ><div class=\"fusion-builder-row fusion-row fusion-flex-align-items-flex-start fusion-flex-content-wrap\" style=\"max-width:1206.4px;margin-left: calc(-4% \/ 2 );margin-right: calc(-4% \/ 2 );\"><div class=\"fusion-layout-column fusion_builder_column fusion-builder-column-4 fusion_builder_column_1_1 1_1 fusion-flex-column\" style=\"--awb-padding-top:31px;--awb-bg-size:cover;--awb-width-large:100%;--awb-margin-top-large:0px;--awb-spacing-right-large:1.92%;--awb-margin-bottom-large:20px;--awb-spacing-left-large:1.92%;--awb-width-medium:100%;--awb-order-medium:0;--awb-spacing-right-medium:1.92%;--awb-spacing-left-medium:1.92%;--awb-width-small:100%;--awb-order-small:0;--awb-spacing-right-small:1.92%;--awb-spacing-left-small:1.92%;\"><div class=\"fusion-column-wrapper fusion-column-has-shadow fusion-flex-justify-content-flex-start fusion-content-layout-column\"><div class=\"fusion-image-carousel fusion-image-carousel-fixed fusion-image-carousel-1 lightbox-enabled fusion-carousel-border\"><div class=\"awb-carousel awb-swiper awb-swiper-carousel awb-carousel--carousel awb-swiper-dots-position-bottom\" data-layout=\"carousel\" data-autoplay=\"no\" data-autoplayspeed=\"2500\" data-autoplaypause=\"no\" data-columns=\"5\" data-columnsmedium=\"1\" data-columnssmall=\"1\" data-itemmargin=\"13\" data-itemwidth=\"180\" data-touchscroll=\"no\" data-freemode=\"no\" data-imagesize=\"fixed\" data-scrollitems=\"0\" data-centeredslides=\"no\" data-rotationangle=\"50\" data-depth=\"100\" data-speed=\"500\" data-shadow=\"no\" data-pagination=\"bullets\" style=\"--awb-border-width:1px;--awb-border-color:#e9eaee;\"><div class=\"swiper-wrapper awb-image-carousel-wrapper fusion-flex-align-items-center\"><div class=\"swiper-slide\"><div class=\"fusion-carousel-item-wrapper\"><div class=\"fusion-image-wrapper hover-type-zoomin\"><a data-rel=\"iLightbox[image_carousel_1]\" data-title=\"sterilisationa\" aria-label=\"sterilisationa\" href=\"https:\/\/www.kennel-podologue-phalsbourg.fr\/wp-content\/uploads\/2024\/04\/sterilisationa-scaled.jpg\" target=\"_self\"><img decoding=\"async\" width=\"320\" height=\"202\" src=\"https:\/\/www.kennel-podologue-phalsbourg.fr\/wp-content\/uploads\/2024\/04\/sterilisationa-320x202.jpg\" class=\"attachment-blog-medium size-blog-medium\" alt=\"\" \/><\/a><\/div><\/div><\/div><div class=\"swiper-slide\"><div class=\"fusion-carousel-item-wrapper\"><div class=\"fusion-image-wrapper hover-type-zoomin\"><a data-rel=\"iLightbox[image_carousel_1]\" data-title=\"ste\u0301rilisation\" aria-label=\"ste\u0301rilisation\" href=\"https:\/\/www.kennel-podologue-phalsbourg.fr\/wp-content\/uploads\/2024\/04\/sterilisation-scaled.jpg\" target=\"_self\"><img decoding=\"async\" width=\"320\" height=\"202\" src=\"https:\/\/www.kennel-podologue-phalsbourg.fr\/wp-content\/uploads\/2024\/04\/sterilisation-320x202.jpg\" class=\"attachment-blog-medium size-blog-medium\" alt=\"\" \/><\/a><\/div><\/div><\/div><div class=\"swiper-slide\"><div class=\"fusion-carousel-item-wrapper\"><div class=\"fusion-image-wrapper hover-type-zoomin\"><a data-rel=\"iLightbox[image_carousel_1]\" data-title=\"soins\" aria-label=\"soins\" href=\"https:\/\/www.kennel-podologue-phalsbourg.fr\/wp-content\/uploads\/2024\/04\/soins-scaled.jpg\" target=\"_self\"><img decoding=\"async\" width=\"320\" height=\"202\" src=\"https:\/\/www.kennel-podologue-phalsbourg.fr\/wp-content\/uploads\/2024\/04\/soins-320x202.jpg\" class=\"attachment-blog-medium size-blog-medium\" alt=\"\" \/><\/a><\/div><\/div><\/div><div class=\"swiper-slide\"><div class=\"fusion-carousel-item-wrapper\"><div class=\"fusion-image-wrapper hover-type-zoomin\"><a data-rel=\"iLightbox[image_carousel_1]\" data-title=\"semellesb\" aria-label=\"semellesb\" href=\"https:\/\/www.kennel-podologue-phalsbourg.fr\/wp-content\/uploads\/2024\/04\/semellesb-scaled.jpg\" target=\"_self\"><img decoding=\"async\" width=\"320\" height=\"202\" src=\"https:\/\/www.kennel-podologue-phalsbourg.fr\/wp-content\/uploads\/2024\/04\/semellesb-320x202.jpg\" class=\"attachment-blog-medium size-blog-medium\" alt=\"\" \/><\/a><\/div><\/div><\/div><div class=\"swiper-slide\"><div class=\"fusion-carousel-item-wrapper\"><div class=\"fusion-image-wrapper hover-type-zoomin\"><a data-rel=\"iLightbox[image_carousel_1]\" data-title=\"semellesa\" aria-label=\"semellesa\" href=\"https:\/\/www.kennel-podologue-phalsbourg.fr\/wp-content\/uploads\/2024\/04\/semellesa-scaled.jpg\" target=\"_self\"><img decoding=\"async\" width=\"320\" height=\"202\" src=\"https:\/\/www.kennel-podologue-phalsbourg.fr\/wp-content\/uploads\/2024\/04\/semellesa-320x202.jpg\" class=\"attachment-blog-medium size-blog-medium\" alt=\"\" \/><\/a><\/div><\/div><\/div><div class=\"swiper-slide\"><div class=\"fusion-carousel-item-wrapper\"><div class=\"fusion-image-wrapper hover-type-zoomin\"><a data-rel=\"iLightbox[image_carousel_1]\" data-caption=\"Screenshot\" data-title=\"Screenshot\" aria-label=\"Screenshot\" href=\"https:\/\/www.kennel-podologue-phalsbourg.fr\/wp-content\/uploads\/2024\/04\/scanner-1200x812.jpg\" target=\"_self\"><img decoding=\"async\" width=\"320\" height=\"202\" src=\"https:\/\/www.kennel-podologue-phalsbourg.fr\/wp-content\/uploads\/2024\/04\/scanner-320x202.jpg\" class=\"attachment-blog-medium size-blog-medium\" alt=\"\" \/><\/a><\/div><\/div><\/div><div class=\"swiper-slide\"><div class=\"fusion-carousel-item-wrapper\"><div class=\"fusion-image-wrapper hover-type-zoomin\"><a data-rel=\"iLightbox[image_carousel_1]\" data-title=\"semelles\" aria-label=\"semelles\" href=\"https:\/\/www.kennel-podologue-phalsbourg.fr\/wp-content\/uploads\/2024\/04\/semelles-scaled.jpg\" target=\"_self\"><img decoding=\"async\" width=\"320\" height=\"202\" src=\"https:\/\/www.kennel-podologue-phalsbourg.fr\/wp-content\/uploads\/2024\/04\/semelles-320x202.jpg\" class=\"attachment-blog-medium size-blog-medium\" alt=\"\" \/><\/a><\/div><\/div><\/div><div class=\"swiper-slide\"><div class=\"fusion-carousel-item-wrapper\"><div class=\"fusion-image-wrapper hover-type-zoomin\"><a data-rel=\"iLightbox[image_carousel_1]\" data-title=\"entreesalles\" aria-label=\"entreesalles\" href=\"https:\/\/www.kennel-podologue-phalsbourg.fr\/wp-content\/uploads\/2024\/04\/entreesalles-scaled.jpg\" target=\"_self\"><img decoding=\"async\" width=\"320\" height=\"202\" src=\"https:\/\/www.kennel-podologue-phalsbourg.fr\/wp-content\/uploads\/2024\/04\/entreesalles-320x202.jpg\" class=\"attachment-blog-medium size-blog-medium\" alt=\"\" \/><\/a><\/div><\/div><\/div><div class=\"swiper-slide\"><div class=\"fusion-carousel-item-wrapper\"><div class=\"fusion-image-wrapper hover-type-zoomin\"><a data-rel=\"iLightbox[image_carousel_1]\" data-title=\"8C25F36C-3485-4526-87E8-B581D8C27072\" aria-label=\"8C25F36C-3485-4526-87E8-B581D8C27072\" href=\"https:\/\/www.kennel-podologue-phalsbourg.fr\/wp-content\/uploads\/2024\/04\/8C25F36C-3485-4526-87E8-B581D8C27072-scaled.jpg\" target=\"_self\"><img decoding=\"async\" width=\"320\" height=\"202\" src=\"https:\/\/www.kennel-podologue-phalsbourg.fr\/wp-content\/uploads\/2024\/04\/8C25F36C-3485-4526-87E8-B581D8C27072-320x202.jpg\" class=\"attachment-blog-medium size-blog-medium\" alt=\"\" \/><\/a><\/div><\/div><\/div><div class=\"swiper-slide\"><div class=\"fusion-carousel-item-wrapper\"><div class=\"fusion-image-wrapper hover-type-zoomin\"><a data-rel=\"iLightbox[image_carousel_1]\" data-title=\"1R8A1702modif2000x1500\" aria-label=\"1R8A1702modif2000x1500\" href=\"https:\/\/www.kennel-podologue-phalsbourg.fr\/wp-content\/uploads\/2024\/04\/1R8A1702modif2000x1500-1200x873.jpg\" target=\"_self\"><img decoding=\"async\" width=\"320\" height=\"202\" src=\"https:\/\/www.kennel-podologue-phalsbourg.fr\/wp-content\/uploads\/2024\/04\/1R8A1702modif2000x1500-320x202.jpg\" class=\"attachment-blog-medium size-blog-medium\" alt=\"\" \/><\/a><\/div><\/div><\/div><div class=\"swiper-slide\"><div class=\"fusion-carousel-item-wrapper\"><div class=\"fusion-image-wrapper hover-type-zoomin\"><a data-rel=\"iLightbox[image_carousel_1]\" data-title=\"bande12\" aria-label=\"bande12\" href=\"https:\/\/www.kennel-podologue-phalsbourg.fr\/wp-content\/uploads\/2024\/05\/bande12-300x253.jpg\" target=\"_self\"><img decoding=\"async\" width=\"320\" height=\"202\" src=\"https:\/\/www.kennel-podologue-phalsbourg.fr\/wp-content\/uploads\/2024\/05\/bande12-320x202.jpg\" class=\"attachment-blog-medium size-blog-medium\" alt=\"\" \/><\/a><\/div><\/div><\/div><div class=\"swiper-slide\"><div class=\"fusion-carousel-item-wrapper\"><div class=\"fusion-image-wrapper hover-type-zoomin\"><a data-rel=\"iLightbox[image_carousel_1]\" data-title=\"attente\" aria-label=\"attente\" href=\"https:\/\/www.kennel-podologue-phalsbourg.fr\/wp-content\/uploads\/2024\/04\/attente-scaled.jpg\" target=\"_self\"><img decoding=\"async\" width=\"320\" height=\"202\" src=\"https:\/\/www.kennel-podologue-phalsbourg.fr\/wp-content\/uploads\/2024\/04\/attente-320x202.jpg\" class=\"attachment-blog-medium size-blog-medium\" alt=\"\" \/><\/a><\/div><\/div><\/div><\/div><div class=\"awb-swiper-button awb-swiper-button-prev\"><i class=\"awb-icon-angle-left\" aria-hidden=\"true\"><\/i><\/div><div class=\"awb-swiper-button awb-swiper-button-next\"><i class=\"awb-icon-angle-right\" aria-hidden=\"true\"><\/i><\/div><\/div><\/div><\/div><\/div><\/div><\/div><\/p>\n","protected":false},"excerpt":{"rendered":"","protected":false},"author":1,"featured_media":0,"parent":0,"menu_order":0,"comment_status":"closed","ping_status":"closed","template":"","meta":{"footnotes":""},"class_list":["post-7","page","type-page","status-publish","hentry"],"_links":{"self":[{"href":"https:\/\/www.kennel-podologue-phalsbourg.fr\/index.php?rest_route=\/wp\/v2\/pages\/7","targetHints":{"allow":["GET"]}}],"collection":[{"href":"https:\/\/www.kennel-podologue-phalsbourg.fr\/index.php?rest_route=\/wp\/v2\/pages"}],"about":[{"href":"https:\/\/www.kennel-podologue-phalsbourg.fr\/index.php?rest_route=\/wp\/v2\/types\/page"}],"author":[{"embeddable":true,"href":"https:\/\/www.kennel-podologue-phalsbourg.fr\/index.php?rest_route=\/wp\/v2\/users\/1"}],"replies":[{"embeddable":true,"href":"https:\/\/www.kennel-podologue-phalsbourg.fr\/index.php?rest_route=%2Fwp%2Fv2%2Fcomments&post=7"}],"version-history":[{"count":253,"href":"https:\/\/www.kennel-podologue-phalsbourg.fr\/index.php?rest_route=\/wp\/v2\/pages\/7\/revisions"}],"predecessor-version":[{"id":945,"href":"https:\/\/www.kennel-podologue-phalsbourg.fr\/index.php?rest_route=\/wp\/v2\/pages\/7\/revisions\/945"}],"wp:attachment":[{"href":"https:\/\/www.kennel-podologue-phalsbourg.fr\/index.php?rest_route=%2Fwp%2Fv2%2Fmedia&parent=7"}],"curies":[{"name":"wp","href":"https:\/\/api.w.org\/{rel}","templated":true}]}}